{"id":354,"date":"2016-11-03T17:58:44","date_gmt":"2016-11-03T17:58:44","guid":{"rendered":"http:\/\/lawyer2.mythemecloud.io\/?page_id=354"},"modified":"2023-03-08T19:19:45","modified_gmt":"2023-03-08T18:19:45","slug":"contact","status":"publish","type":"page","link":"https:\/\/www.leaderpub31.com\/leaderpub\/contact\/","title":{"rendered":"Contact"},"content":{"rendered":"\t\t<div data-elementor-type=\"wp-post\" data-elementor-id=\"354\" class=\"elementor elementor-354\">\n\t\t\t\t\t\t\t<div class=\"elementor-element elementor-element-1f5aba4 e-con-boxed e-con\" data-id=\"1f5aba4\" data-element_type=\"container\" data-settings=\"{&quot;background_background&quot;:&quot;gradient&quot;,&quot;content_width&quot;:&quot;boxed&quot;}\">\n\t\t\t\t\t<div class=\"e-con-inner\">\n\t\t<div class=\"elementor-element elementor-element-594c7c9 e-con-full e-con\" data-id=\"594c7c9\" data-element_type=\"container\" data-settings=\"{&quot;content_width&quot;:&quot;full&quot;}\">\n\t\t\t\t<div class=\"elementor-element elementor-element-52b032d elementor-widget elementor-widget-wpforms\" data-id=\"52b032d\" data-element_type=\"widget\" data-widget_type=\"wpforms.default\">\n\t\t\t\t<div class=\"elementor-widget-container\">\n\t\t\t<div class=\"wpforms-container wpforms-container-full\" id=\"wpforms-1118\"><form id=\"wpforms-form-1118\" class=\"wpforms-validate wpforms-form wpforms-ajax-form\" data-formid=\"1118\" method=\"post\" enctype=\"multipart\/form-data\" action=\"\/leaderpub\/wp-json\/wp\/v2\/pages\/354\" data-token=\"4cbd614596e15efcd15d1aa391068482\"><div class=\"wpforms-head-container\"><div class=\"wpforms-title\">Nous \u00e9crire<\/div><\/div><noscript class=\"wpforms-error-noscript\">Veuillez activer JavaScript dans votre navigateur pour remplir ce formulaire.<\/noscript><div class=\"wpforms-field-container\"><div id=\"wpforms-1118-field_0-container\" class=\"wpforms-field wpforms-field-name\" data-field-id=\"0\"><label class=\"wpforms-field-label\" for=\"wpforms-1118-field_0\">Nom <span class=\"wpforms-required-label\">*<\/span><\/label><input type=\"text\" id=\"wpforms-1118-field_0\" class=\"wpforms-field-medium wpforms-field-required\" name=\"wpforms[fields][0]\" required><\/div><div id=\"wpforms-1118-field_1-container\" class=\"wpforms-field wpforms-field-email\" data-field-id=\"1\"><label class=\"wpforms-field-label\" for=\"wpforms-1118-field_1\">E-mail<\/label><input type=\"email\" id=\"wpforms-1118-field_1\" class=\"wpforms-field-medium\" name=\"wpforms[fields][1]\" ><div class=\"wpforms-field-description\">Merci de saisir une adresse e-mail valide<\/div><\/div><div id=\"wpforms-1118-field_6-container\" class=\"wpforms-field wpforms-field-text\" data-field-id=\"6\"><label class=\"wpforms-field-label\" for=\"wpforms-1118-field_6\">T\u00e9l\u00e9phone<\/label><input type=\"text\" id=\"wpforms-1118-field_6\" class=\"wpforms-field-medium\" name=\"wpforms[fields][6]\" ><\/div><div id=\"wpforms-1118-field_4-container\" class=\"wpforms-field wpforms-field-select wpforms-field-select-style-classic\" data-field-id=\"4\"><label class=\"wpforms-field-label\" for=\"wpforms-1118-field_4\">Objet<\/label><select id=\"wpforms-1118-field_4\" class=\"wpforms-field-medium\" name=\"wpforms[fields][4]\"><option value=\"Question sur un produit\"  selected='selected'>Question sur un produit<\/option><option value=\"Demande de renseignement\" >Demande de renseignement<\/option><option value=\"Prendre un rendez-vous\" >Prendre un rendez-vous<\/option><\/select><\/div><div id=\"wpforms-1118-field_2-container\" class=\"wpforms-field wpforms-field-textarea\" data-field-id=\"2\"><label class=\"wpforms-field-label\" for=\"wpforms-1118-field_2\">Message<\/label><textarea id=\"wpforms-1118-field_2\" class=\"wpforms-field-medium\" name=\"wpforms[fields][2]\" ><\/textarea><\/div><\/div><div class=\"wpforms-submit-container\"><input type=\"hidden\" name=\"wpforms[id]\" value=\"1118\"><input type=\"hidden\" name=\"wpforms[author]\" value=\"1\"><button type=\"submit\" name=\"wpforms[submit]\" id=\"wpforms-submit-1118\" class=\"wpforms-submit\" data-alt-text=\"Envoi...\" data-submit-text=\"Envoyer\" aria-live=\"assertive\" value=\"wpforms-submit\">Envoyer<\/button><img loading=\"lazy\" decoding=\"async\" src=\"https:\/\/www.leaderpub31.com\/leaderpub\/wp-content\/plugins\/wpforms-lite\/assets\/images\/submit-spin.svg\" class=\"wpforms-submit-spinner\" style=\"display: none;\" width=\"26\" height=\"26\" alt=\"Chargement en cours\"><\/div><\/form><\/div>  <!-- .wpforms-container -->\t\t<\/div>\n\t\t\t\t<\/div>\n\t\t\t\t<\/div>\n\t\t<div class=\"elementor-element elementor-element-eb589d5 e-con-full e-con\" data-id=\"eb589d5\" data-element_type=\"container\" data-settings=\"{&quot;content_width&quot;:&quot;full&quot;}\">\n\t\t<div class=\"elementor-element elementor-element-a5a0587 e-con-boxed e-con\" data-id=\"a5a0587\" data-element_type=\"container\" data-settings=\"{&quot;content_width&quot;:&quot;boxed&quot;}\">\n\t\t\t\t\t<div class=\"e-con-inner\">\n\t\t\t\t<div class=\"elementor-element elementor-element-512d22c elementor-widget elementor-widget-image\" data-id=\"512d22c\" data-element_type=\"widget\" data-widget_type=\"image.default\">\n\t\t\t\t<div class=\"elementor-widget-container\">\n\t\t\t<style>\/*! elementor - v3.11.2 - 22-02-2023 *\/\n.elementor-widget-image{text-align:center}.elementor-widget-image a{display:inline-block}.elementor-widget-image a img[src$=\".svg\"]{width:48px}.elementor-widget-image img{vertical-align:middle;display:inline-block}<\/style>\t\t\t\t\t\t\t\t\t\t\t\t<img loading=\"lazy\" decoding=\"async\" width=\"244\" height=\"244\" src=\"https:\/\/i0.wp.com\/www.leaderpub31.com\/leaderpub\/wp-content\/uploads\/2023\/03\/cropped-logo1.png?fit=244%2C244&amp;ssl=1\" class=\"attachment-large size-large wp-image-938\" alt=\"\" srcset=\"https:\/\/i0.wp.com\/www.leaderpub31.com\/leaderpub\/wp-content\/uploads\/2023\/03\/cropped-logo1.png?w=244&amp;ssl=1 244w, https:\/\/i0.wp.com\/www.leaderpub31.com\/leaderpub\/wp-content\/uploads\/2023\/03\/cropped-logo1.png?resize=150%2C150&amp;ssl=1 150w\" sizes=\"auto, (max-width: 244px) 100vw, 244px\" \/>\t\t\t\t\t\t\t\t\t\t\t\t\t\t\t<\/div>\n\t\t\t\t<\/div>\n\t\t\t\t\t<\/div>\n\t\t\t\t<\/div>\n\t\t<div class=\"elementor-element elementor-element-1ff175a e-con-boxed e-con\" data-id=\"1ff175a\" data-element_type=\"container\" data-settings=\"{&quot;content_width&quot;:&quot;boxed&quot;}\">\n\t\t\t\t\t<div class=\"e-con-inner\">\n\t\t\t\t<div class=\"elementor-element elementor-element-1ab4173 elementor-widget elementor-widget-heading\" data-id=\"1ab4173\" data-element_type=\"widget\" data-widget_type=\"heading.default\">\n\t\t\t\t<div class=\"elementor-widget-container\">\n\t\t\t<style>\/*! elementor - v3.11.2 - 22-02-2023 *\/\n.elementor-heading-title{padding:0;margin:0;line-height:1}.elementor-widget-heading .elementor-heading-title[class*=elementor-size-]>a{color:inherit;font-size:inherit;line-height:inherit}.elementor-widget-heading .elementor-heading-title.elementor-size-small{font-size:15px}.elementor-widget-heading .elementor-heading-title.elementor-size-medium{font-size:19px}.elementor-widget-heading .elementor-heading-title.elementor-size-large{font-size:29px}.elementor-widget-heading .elementor-heading-title.elementor-size-xl{font-size:39px}.elementor-widget-heading .elementor-heading-title.elementor-size-xxl{font-size:59px}<\/style><h2 class=\"elementor-heading-title elementor-size-default\">La Satisfaction Client Une Priorit\u00e9<\/h2>\t\t<\/div>\n\t\t\t\t<\/div>\n\t\t\t\t\t<\/div>\n\t\t\t\t<\/div>\n\t\t<div class=\"elementor-element elementor-element-5a51d3a e-con-boxed e-con\" data-id=\"5a51d3a\" data-element_type=\"container\" data-settings=\"{&quot;content_width&quot;:&quot;boxed&quot;}\">\n\t\t\t\t\t<div class=\"e-con-inner\">\n\t\t\t\t<div class=\"elementor-element elementor-element-a1b2548 elementor-widget elementor-widget-text-editor\" data-id=\"a1b2548\" data-element_type=\"widget\" data-widget_type=\"text-editor.default\">\n\t\t\t\t<div class=\"elementor-widget-container\">\n\t\t\t<style>\/*! elementor - v3.11.2 - 22-02-2023 *\/\n.elementor-widget-text-editor.elementor-drop-cap-view-stacked .elementor-drop-cap{background-color:#818a91;color:#fff}.elementor-widget-text-editor.elementor-drop-cap-view-framed .elementor-drop-cap{color:#818a91;border:3px solid;background-color:transparent}.elementor-widget-text-editor:not(.elementor-drop-cap-view-default) .elementor-drop-cap{margin-top:8px}.elementor-widget-text-editor:not(.elementor-drop-cap-view-default) .elementor-drop-cap-letter{width:1em;height:1em}.elementor-widget-text-editor .elementor-drop-cap{float:left;text-align:center;line-height:1;font-size:50px}.elementor-widget-text-editor .elementor-drop-cap-letter{display:inline-block}<\/style>\t\t\t\t<p>LeaderPub31 est plus qu\u2019un simple\u00a0<strong>imprimeur, <\/strong>c\u2019est une entreprise qui s\u2019engage aupr\u00e8s de ses clients pour \u00eatre toujours \u00e0 l\u2019\u00e9coute, r\u00e9active, disponible, souple et proche de vous. Notre exp\u00e9rience dans tous les domaines d\u2019impression fait de nous un partenaire de confiance pour les professionnels, les associations, les collectivit\u00e9s ou les particuliers.<\/p>\t\t\t\t\t\t<\/div>\n\t\t\t\t<\/div>\n\t\t\t\t\t<\/div>\n\t\t\t\t<\/div>\n\t\t\t\t<\/div>\n\t\t\t\t\t<\/div>\n\t\t\t\t<\/div>\n\t\t\t\t<section class=\"elementor-section elementor-top-section elementor-element elementor-element-23427f22 elementor-section-full_width elementor-section-height-default elementor-section-height-default\" data-id=\"23427f22\" data-element_type=\"section\" data-settings=\"{&quot;background_background&quot;:&quot;classic&quot;}\">\n\t\t\t\t\t\t\t<div class=\"elementor-background-overlay\"><\/div>\n\t\t\t\t\t\t\t<div class=\"elementor-container elementor-column-gap-default\">\n\t\t\t\t\t<div class=\"elementor-column elementor-col-100 elementor-top-column elementor-element elementor-element-1a881422\" data-id=\"1a881422\" data-element_type=\"column\">\n\t\t\t<div class=\"elementor-widget-wrap elementor-element-populated\">\n\t\t\t\t\t\t\t\t<div class=\"elementor-element elementor-element-487d47cf elementor-widget elementor-widget-google_maps\" data-id=\"487d47cf\" data-element_type=\"widget\" data-widget_type=\"google_maps.default\">\n\t\t\t\t<div class=\"elementor-widget-container\">\n\t\t\t<style>\/*! elementor - v3.11.2 - 22-02-2023 *\/\n.elementor-widget-google_maps .elementor-widget-container{overflow:hidden}.elementor-widget-google_maps .elementor-custom-embed{line-height:0}.elementor-widget-google_maps iframe{height:300px}<\/style>\t\t<div class=\"elementor-custom-embed\">\n\t\t\t<iframe loading=\"lazy\"\n\t\t\t\t\tsrc=\"https:\/\/maps.google.com\/maps?q=Bir%20el%20Djir%20Oran%20Alg%C3%A9rie&#038;t=m&#038;z=12&#038;output=embed&#038;iwloc=near\"\n\t\t\t\t\ttitle=\"Bir el Djir Oran Alg\u00e9rie\"\n\t\t\t\t\taria-label=\"Bir el Djir Oran Alg\u00e9rie\"\n\t\t\t><\/iframe>\n\t\t<\/div>\n\t\t\t\t<\/div>\n\t\t\t\t<\/div>\n\t\t\t\t\t<\/div>\n\t\t<\/div>\n\t\t\t\t\t\t\t<\/div>\n\t\t<\/section>\n\t\t\t\t<section class=\"elementor-section elementor-top-section elementor-element elementor-element-125513eb elementor-section-boxed elementor-section-height-default elementor-section-height-default\" data-id=\"125513eb\" data-element_type=\"section\" data-settings=\"{&quot;background_background&quot;:&quot;classic&quot;}\">\n\t\t\t\t\t\t<div class=\"elementor-container elementor-column-gap-default\">\n\t\t\t\t\t<div class=\"elementor-column elementor-col-33 elementor-top-column elementor-element elementor-element-a88c214\" data-id=\"a88c214\" data-element_type=\"column\">\n\t\t\t<div class=\"elementor-widget-wrap elementor-element-populated\">\n\t\t\t\t\t\t\t\t<div class=\"elementor-element elementor-element-70a16de9 elementor-position-top elementor-vertical-align-top elementor-widget elementor-widget-image-box\" data-id=\"70a16de9\" data-element_type=\"widget\" data-widget_type=\"image-box.default\">\n\t\t\t\t<div class=\"elementor-widget-container\">\n\t\t\t<style>\/*! elementor - v3.11.2 - 22-02-2023 *\/\n.elementor-widget-image-box .elementor-image-box-content{width:100%}@media (min-width:768px){.elementor-widget-image-box.elementor-position-left .elementor-image-box-wrapper,.elementor-widget-image-box.elementor-position-right .elementor-image-box-wrapper{display:flex}.elementor-widget-image-box.elementor-position-right .elementor-image-box-wrapper{text-align:right;flex-direction:row-reverse}.elementor-widget-image-box.elementor-position-left .elementor-image-box-wrapper{text-align:left;flex-direction:row}.elementor-widget-image-box.elementor-position-top .elementor-image-box-img{margin:auto}.elementor-widget-image-box.elementor-vertical-align-top .elementor-image-box-wrapper{align-items:flex-start}.elementor-widget-image-box.elementor-vertical-align-middle .elementor-image-box-wrapper{align-items:center}.elementor-widget-image-box.elementor-vertical-align-bottom .elementor-image-box-wrapper{align-items:flex-end}}@media (max-width:767px){.elementor-widget-image-box .elementor-image-box-img{margin-left:auto!important;margin-right:auto!important;margin-bottom:15px}}.elementor-widget-image-box .elementor-image-box-img{display:inline-block}.elementor-widget-image-box .elementor-image-box-title a{color:inherit}.elementor-widget-image-box .elementor-image-box-wrapper{text-align:center}.elementor-widget-image-box .elementor-image-box-description{margin:0}<\/style><div class=\"elementor-image-box-wrapper\"><figure class=\"elementor-image-box-img\"><img loading=\"lazy\" decoding=\"async\" width=\"512\" height=\"512\" src=\"https:\/\/i0.wp.com\/www.leaderpub31.com\/leaderpub\/wp-content\/uploads\/2023\/03\/location-3.png?fit=512%2C512&amp;ssl=1\" class=\"attachment-full size-full wp-image-1009\" alt=\"\" srcset=\"https:\/\/i0.wp.com\/www.leaderpub31.com\/leaderpub\/wp-content\/uploads\/2023\/03\/location-3.png?w=512&amp;ssl=1 512w, https:\/\/i0.wp.com\/www.leaderpub31.com\/leaderpub\/wp-content\/uploads\/2023\/03\/location-3.png?resize=300%2C300&amp;ssl=1 300w, https:\/\/i0.wp.com\/www.leaderpub31.com\/leaderpub\/wp-content\/uploads\/2023\/03\/location-3.png?resize=150%2C150&amp;ssl=1 150w\" sizes=\"auto, (max-width: 512px) 100vw, 512px\" \/><\/figure><div class=\"elementor-image-box-content\"><h2 class=\"elementor-image-box-title\">Addresse<\/h2><p class=\"elementor-image-box-description\">10 rue Ayad Simane<br>Oran,   Alg\u00e9rie<\/p><\/div><\/div>\t\t<\/div>\n\t\t\t\t<\/div>\n\t\t\t\t\t<\/div>\n\t\t<\/div>\n\t\t\t\t<div class=\"elementor-column elementor-col-33 elementor-top-column elementor-element elementor-element-16f127a\" data-id=\"16f127a\" data-element_type=\"column\">\n\t\t\t<div class=\"elementor-widget-wrap elementor-element-populated\">\n\t\t\t\t\t\t\t\t<div class=\"elementor-element elementor-element-4c70b3a1 elementor-position-top elementor-vertical-align-top elementor-widget elementor-widget-image-box\" data-id=\"4c70b3a1\" data-element_type=\"widget\" data-widget_type=\"image-box.default\">\n\t\t\t\t<div class=\"elementor-widget-container\">\n\t\t\t<div class=\"elementor-image-box-wrapper\"><figure class=\"elementor-image-box-img\"><img loading=\"lazy\" decoding=\"async\" width=\"512\" height=\"512\" src=\"https:\/\/i0.wp.com\/www.leaderpub31.com\/leaderpub\/wp-content\/uploads\/2023\/03\/time.png?fit=512%2C512&amp;ssl=1\" class=\"attachment-full size-full wp-image-1010\" alt=\"\" srcset=\"https:\/\/i0.wp.com\/www.leaderpub31.com\/leaderpub\/wp-content\/uploads\/2023\/03\/time.png?w=512&amp;ssl=1 512w, https:\/\/i0.wp.com\/www.leaderpub31.com\/leaderpub\/wp-content\/uploads\/2023\/03\/time.png?resize=300%2C300&amp;ssl=1 300w, https:\/\/i0.wp.com\/www.leaderpub31.com\/leaderpub\/wp-content\/uploads\/2023\/03\/time.png?resize=150%2C150&amp;ssl=1 150w\" sizes=\"auto, (max-width: 512px) 100vw, 512px\" \/><\/figure><div class=\"elementor-image-box-content\"><h2 class=\"elementor-image-box-title\">T\u00e9l\u00e9phone<\/h2><p class=\"elementor-image-box-description\">05.51.99.89.19<br>06.60.88.91.40<\/p><\/div><\/div>\t\t<\/div>\n\t\t\t\t<\/div>\n\t\t\t\t\t<\/div>\n\t\t<\/div>\n\t\t\t\t<div class=\"elementor-column elementor-col-33 elementor-top-column elementor-element elementor-element-5e820fd6\" data-id=\"5e820fd6\" data-element_type=\"column\">\n\t\t\t<div class=\"elementor-widget-wrap elementor-element-populated\">\n\t\t\t\t\t\t\t\t<div class=\"elementor-element elementor-element-7371ce4c elementor-position-top elementor-vertical-align-top elementor-widget elementor-widget-image-box\" data-id=\"7371ce4c\" data-element_type=\"widget\" data-widget_type=\"image-box.default\">\n\t\t\t\t<div class=\"elementor-widget-container\">\n\t\t\t<div class=\"elementor-image-box-wrapper\"><figure class=\"elementor-image-box-img\"><img loading=\"lazy\" decoding=\"async\" width=\"512\" height=\"512\" src=\"https:\/\/i0.wp.com\/www.leaderpub31.com\/leaderpub\/wp-content\/uploads\/2023\/03\/send.png?fit=512%2C512&amp;ssl=1\" class=\"attachment-full size-full wp-image-1011\" alt=\"\" srcset=\"https:\/\/i0.wp.com\/www.leaderpub31.com\/leaderpub\/wp-content\/uploads\/2023\/03\/send.png?w=512&amp;ssl=1 512w, https:\/\/i0.wp.com\/www.leaderpub31.com\/leaderpub\/wp-content\/uploads\/2023\/03\/send.png?resize=300%2C300&amp;ssl=1 300w, https:\/\/i0.wp.com\/www.leaderpub31.com\/leaderpub\/wp-content\/uploads\/2023\/03\/send.png?resize=150%2C150&amp;ssl=1 150w\" sizes=\"auto, (max-width: 512px) 100vw, 512px\" \/><\/figure><div class=\"elementor-image-box-content\"><h2 class=\"elementor-image-box-title\">E-MAIL<\/h2><p class=\"elementor-image-box-description\">contact@leaderpub31.com<\/p><\/div><\/div>\t\t<\/div>\n\t\t\t\t<\/div>\n\t\t\t\t\t<\/div>\n\t\t<\/div>\n\t\t\t\t\t\t\t<\/div>\n\t\t<\/section>\n\t\t\t\t\t\t\t<\/div>\n\t\t","protected":false},"excerpt":{"rendered":"<p>La Satisfaction Client Une Priorit\u00e9 LeaderPub31 est plus qu\u2019un simple\u00a0imprimeur, c\u2019est une entreprise qui s\u2019engage aupr\u00e8s de ses clients pour \u00eatre toujours \u00e0 l\u2019\u00e9coute, r\u00e9active, disponible, souple et proche de vous. Notre exp\u00e9rience dans tous les domaines d\u2019impression fait de nous un partenaire de confiance pour les professionnels, les associations, les collectivit\u00e9s ou les particuliers. [&hellip;]<\/p>\n","protected":false},"author":1,"featured_media":0,"parent":0,"menu_order":0,"comment_status":"closed","ping_status":"closed","template":"","meta":{"_crdt_document":"","advanced_seo_description":"","jetpack_seo_html_title":"","jetpack_seo_noindex":false,"footnotes":""},"class_list":["post-354","page","type-page","status-publish","hentry","entry"],"_links":{"self":[{"href":"https:\/\/www.leaderpub31.com\/leaderpub\/wp-json\/wp\/v2\/pages\/354","targetHints":{"allow":["GET"]}}],"collection":[{"href":"https:\/\/www.leaderpub31.com\/leaderpub\/wp-json\/wp\/v2\/pages"}],"about":[{"href":"https:\/\/www.leaderpub31.com\/leaderpub\/wp-json\/wp\/v2\/types\/page"}],"author":[{"embeddable":true,"href":"https:\/\/www.leaderpub31.com\/leaderpub\/wp-json\/wp\/v2\/users\/1"}],"replies":[{"embeddable":true,"href":"https:\/\/www.leaderpub31.com\/leaderpub\/wp-json\/wp\/v2\/comments?post=354"}],"version-history":[{"count":51,"href":"https:\/\/www.leaderpub31.com\/leaderpub\/wp-json\/wp\/v2\/pages\/354\/revisions"}],"predecessor-version":[{"id":1202,"href":"https:\/\/www.leaderpub31.com\/leaderpub\/wp-json\/wp\/v2\/pages\/354\/revisions\/1202"}],"wp:attachment":[{"href":"https:\/\/www.leaderpub31.com\/leaderpub\/wp-json\/wp\/v2\/media?parent=354"}],"curies":[{"name":"wp","href":"https:\/\/api.w.org\/{rel}","templated":true}]}}